{"id":283,"date":"2024-08-12T18:26:35","date_gmt":"2024-08-12T18:26:35","guid":{"rendered":"https:\/\/asilivehd.com\/?page_id=283"},"modified":"2024-08-12T18:50:34","modified_gmt":"2024-08-12T18:50:34","slug":"home","status":"publish","type":"page","link":"https:\/\/asilivehd.com\/","title":{"rendered":"home"},"content":{"rendered":"\t\t<div data-elementor-type=\"wp-page\" data-elementor-id=\"283\" class=\"elementor elementor-283\">\n\t\t\t\t\t\t<section class=\"elementor-section elementor-top-section elementor-element elementor-element-f258339 elementor-section-boxed elementor-section-height-default elementor-section-height-default\" data-id=\"f258339\" data-element_type=\"section\">\n\t\t\t\t\t\t<div class=\"elementor-container elementor-column-gap-default\">\n\t\t\t\t\t<div class=\"elementor-column elementor-col-100 elementor-top-column elementor-element elementor-element-d19f91e\" data-id=\"d19f91e\" data-element_type=\"column\">\n\t\t\t<div class=\"elementor-widget-wrap elementor-element-populated\">\n\t\t\t\t\t\t<div class=\"elementor-element elementor-element-bd13d32 elementor-widget elementor-widget-spacer\" data-id=\"bd13d32\" data-element_type=\"widget\" data-widget_type=\"spacer.default\">\n\t\t\t\t<div class=\"elementor-widget-container\">\n\t\t\t\t\t\t\t<div class=\"elementor-spacer\">\n\t\t\t<div class=\"elementor-spacer-inner\"><\/div>\n\t\t<\/div>\n\t\t\t\t\t\t<\/div>\n\t\t\t\t<\/div>\n\t\t\t\t\t<\/div>\n\t\t<\/div>\n\t\t\t\t\t<\/div>\n\t\t<\/section>\n\t\t\t\t<section class=\"elementor-section elementor-top-section elementor-element elementor-element-6297f7a elementor-section-boxed elementor-section-height-default elementor-section-height-default\" data-id=\"6297f7a\" data-element_type=\"section\">\n\t\t\t\t\t\t<div class=\"elementor-container elementor-column-gap-default\">\n\t\t\t\t\t<div class=\"elementor-column elementor-col-100 elementor-top-column elementor-element elementor-element-52be95e\" data-id=\"52be95e\" data-element_type=\"column\" data-settings=\"{&quot;background_background&quot;:&quot;classic&quot;}\">\n\t\t\t<div class=\"elementor-widget-wrap elementor-element-populated\">\n\t\t\t\t\t\t<div class=\"elementor-element elementor-element-af4ac6c elementor-widget elementor-widget-image\" data-id=\"af4ac6c\" data-element_type=\"widget\" data-widget_type=\"image.default\">\n\t\t\t\t<div class=\"elementor-widget-container\">\n\t\t\t\t\t\t\t\t\t\t\t\t\t\t\t<img fetchpriority=\"high\" decoding=\"async\" width=\"800\" height=\"238\" src=\"https:\/\/asilivehd.com\/wp-content\/uploads\/2024\/08\/LOGO-WEB-1-1024x305.png\" class=\"attachment-large size-large wp-image-289\" alt=\"\" srcset=\"https:\/\/asilivehd.com\/wp-content\/uploads\/2024\/08\/LOGO-WEB-1-1024x305.png 1024w, https:\/\/asilivehd.com\/wp-content\/uploads\/2024\/08\/LOGO-WEB-1-300x89.png 300w, https:\/\/asilivehd.com\/wp-content\/uploads\/2024\/08\/LOGO-WEB-1-768x229.png 768w, https:\/\/asilivehd.com\/wp-content\/uploads\/2024\/08\/LOGO-WEB-1-1536x458.png 1536w, https:\/\/asilivehd.com\/wp-content\/uploads\/2024\/08\/LOGO-WEB-1-2048x610.png 2048w\" sizes=\"(max-width: 800px) 100vw, 800px\" \/>\t\t\t\t\t\t\t\t\t\t\t\t\t\t\t<\/div>\n\t\t\t\t<\/div>\n\t\t\t\t<div class=\"elementor-element elementor-element-f5ad88b elementor-widget elementor-widget-heading\" data-id=\"f5ad88b\" data-element_type=\"widget\" data-widget_type=\"heading.default\">\n\t\t\t\t<div class=\"elementor-widget-container\">\n\t\t\t\t\t<h2 class=\"elementor-heading-title elementor-size-default\">\nAGENCIA DIGITAL EN LATINOAMERICA<\/h2>\t\t\t\t<\/div>\n\t\t\t\t<\/div>\n\t\t\t\t<div class=\"elementor-element elementor-element-5c7c71f elementor-widget elementor-widget-text-editor\" data-id=\"5c7c71f\" data-element_type=\"widget\" data-widget_type=\"text-editor.default\">\n\t\t\t\t<div class=\"elementor-widget-container\">\n\t\t\t\t\t\t\t\t\t<p>Somos una agencia digital creada para brindarte las mejores soluciones de tecnol\u00f3gicas, ofrecemos servicios como: desarrollo de sitios web, hosting, dominio, streaming audio y video, desarrollo de aplicaciones m\u00f3viles y marketing digital. Nuestra experiencia nos acredita desde el a\u00f1o 2011, contamos con m\u00e1s de 1.000 clientes a nivel nacional.<\/p>\t\t\t\t\t\t\t\t<\/div>\n\t\t\t\t<\/div>\n\t\t\t\t\t<\/div>\n\t\t<\/div>\n\t\t\t\t\t<\/div>\n\t\t<\/section>\n\t\t\t\t<\/div>\n\t\t","protected":false},"excerpt":{"rendered":"<p>AGENCIA DIGITAL EN LATINOAMERICA Somos una agencia digital creada para brindarte las mejores soluciones de tecnol\u00f3gicas, ofrecemos servicios como: desarrollo de sitios web, hosting, dominio, streaming audio y video, desarrollo de aplicaciones m\u00f3viles y marketing digital. Nuestra experiencia nos acredita desde el a\u00f1o 2011, contamos con m\u00e1s de 1.000 clientes a nivel nacional.<\/p>\n","protected":false},"author":1,"featured_media":0,"parent":0,"menu_order":0,"comment_status":"closed","ping_status":"closed","template":"elementor_canvas","meta":{"footnotes":""},"class_list":["post-283","page","type-page","status-publish","hentry"],"_links":{"self":[{"href":"https:\/\/asilivehd.com\/index.php\/wp-json\/wp\/v2\/pages\/283","targetHints":{"allow":["GET"]}}],"collection":[{"href":"https:\/\/asilivehd.com\/index.php\/wp-json\/wp\/v2\/pages"}],"about":[{"href":"https:\/\/asilivehd.com\/index.php\/wp-json\/wp\/v2\/types\/page"}],"author":[{"embeddable":true,"href":"https:\/\/asilivehd.com\/index.php\/wp-json\/wp\/v2\/users\/1"}],"replies":[{"embeddable":true,"href":"https:\/\/asilivehd.com\/index.php\/wp-json\/wp\/v2\/comments?post=283"}],"version-history":[{"count":16,"href":"https:\/\/asilivehd.com\/index.php\/wp-json\/wp\/v2\/pages\/283\/revisions"}],"predecessor-version":[{"id":304,"href":"https:\/\/asilivehd.com\/index.php\/wp-json\/wp\/v2\/pages\/283\/revisions\/304"}],"wp:attachment":[{"href":"https:\/\/asilivehd.com\/index.php\/wp-json\/wp\/v2\/media?parent=283"}],"curies":[{"name":"wp","href":"https:\/\/api.w.org\/{rel}","templated":true}]}}